{"id":17,"date":"2024-11-11T06:35:24","date_gmt":"2024-11-11T06:35:24","guid":{"rendered":"https:\/\/zuriestetica.es\/inicio\/"},"modified":"2024-11-11T06:36:13","modified_gmt":"2024-11-11T06:36:13","slug":"inicio","status":"publish","type":"page","link":"https:\/\/zuriestetica.es\/en\/inicio\/","title":{"rendered":"Inicio"},"content":{"rendered":"\n<div class=\"wp-block-cover alignfull is-light\" style=\"padding-top:0;padding-right:0;padding-bottom:0;padding-left:0;min-height:80vh;aspect-ratio:unset;\"><span aria-hidden=\"true\" class=\"wp-block-cover__background has-background-dim-0 has-background-dim\"><\/span><img fetchpriority=\"high\" decoding=\"async\" width=\"1280\" height=\"1920\" class=\"wp-block-cover__image-background wp-image-25\" alt=\"\" src=\"https:\/\/zuriestetica.es\/wp-content\/uploads\/2024\/11\/55ccbd45fb2333cd9db064d1113e2476aad268d1.jpg\" data-object-fit=\"cover\" srcset=\"https:\/\/zuriestetica.es\/wp-content\/uploads\/2024\/11\/55ccbd45fb2333cd9db064d1113e2476aad268d1.jpg 1280w, https:\/\/zuriestetica.es\/wp-content\/uploads\/2024\/11\/55ccbd45fb2333cd9db064d1113e2476aad268d1-200x300.jpg 200w, https:\/\/zuriestetica.es\/wp-content\/uploads\/2024\/11\/55ccbd45fb2333cd9db064d1113e2476aad268d1-683x1024.jpg 683w, https:\/\/zuriestetica.es\/wp-content\/uploads\/2024\/11\/55ccbd45fb2333cd9db064d1113e2476aad268d1-768x1152.jpg 768w, https:\/\/zuriestetica.es\/wp-content\/uploads\/2024\/11\/55ccbd45fb2333cd9db064d1113e2476aad268d1-1024x1536.jpg 1024w\" sizes=\"(max-width: 1280px) 100vw, 1280px\" \/><div class=\"wp-block-cover__inner-container is-layout-flow wp-block-cover-is-layout-flow\">\n<div class=\"wp-block-group\" style=\"padding-top:var(--wp--preset--spacing--60);padding-bottom:var(--wp--preset--spacing--60)\"><div class=\"wp-block-group__inner-container is-layout-constrained wp-block-group-is-layout-constrained\">\n<div class=\"wp-block-group has-background-color has-foreground-background-color has-text-color has-background is-vertical is-content-justification-center is-layout-flex wp-container-core-group-is-layout-c57fbb54 wp-block-group-is-layout-flex\" style=\"border-top-left-radius:20%;border-top-right-radius:20%;border-bottom-left-radius:0px;border-bottom-right-radius:0px;padding-top:var(--wp--preset--spacing--70);padding-right:var(--wp--preset--spacing--40);padding-bottom:var(--wp--preset--spacing--70);padding-left:var(--wp--preset--spacing--40)\">\n<h1 class=\"wp-block-heading has-text-align-center has-background-color has-text-color has-link-color has-x-large-font-size wp-elements-afa391629f63edfe19868a79ff02db7e\" style=\"padding-right:var(--wp--preset--spacing--30);padding-left:var(--wp--preset--spacing--30)\">Tratamientos de primer nivel y arte en el coraz\u00f3n de Fuenmayor<\/h1>\n\n\n\n<p class=\"has-text-align-center has-background-color has-text-color has-link-color wp-elements-ba4c835022909cb1c6707c78847f7127\" style=\"margin-top:24px\">Experimenta el cuidado superior de tus u\u00f1as en Zuri\u00f1e Est\u00e9tica. Nuestro equipo profesional te ofrece un servicio exclusivo y adaptado. \u00a1Vis\u00edtanos y siente la diferencia!<\/p>\n\n\n\n<div class=\"wp-block-buttons is-content-justification-center is-layout-flex wp-container-core-buttons-is-layout-7a9e43c9 wp-block-buttons-is-layout-flex\" style=\"margin-top:var(--wp--preset--spacing--30)\">\n<div class=\"wp-block-button\"><a class=\"wp-block-button__link wp-element-button\" href=\/contacto>Pide tu cita<\/a><\/div>\n<\/div>\n<\/div>\n<\/div><\/div>\n<\/div><\/div>\n\n<div class=\"wp-block-group alignfull has-tertiary-background-color has-background\" id=\"acerca-de\" style=\"margin-top:0;margin-bottom:0;padding-top:var(--wp--preset--spacing--60);padding-right:var(--wp--preset--spacing--30);padding-bottom:var(--wp--preset--spacing--60);padding-left:var(--wp--preset--spacing--30)\"><div class=\"wp-block-group__inner-container is-layout-constrained wp-container-core-group-is-layout-512a02c9 wp-block-group-is-layout-constrained\">\n<h2 class=\"wp-block-heading has-text-align-center has-large-font-size\">Tu Centro de Est\u00e9tica en Fuenmayor<\/h2>\n\n\n\n<p class=\"has-text-align-center\" style=\"margin-top:16px\">Centro de Est\u00e9tica Zuri\u00f1e, en Fuenmayor, ofrece servicios de belleza excepcionales. Manicuras cuidadas, dise\u00f1os \u00fanicos y profesionales expertos en un entorno elegante.<\/p>\n\n\n\n<figure class=\"wp-block-gallery alignwide has-nested-images columns-default is-cropped wp-block-gallery-1 is-layout-flex wp-block-gallery-is-layout-flex\">\n<figure class=\"wp-block-image\"><img decoding=\"async\" width=\"1280\" height=\"1920\" data-id=\"52\" class=\"wp-image-52\" src=\"https:\/\/zuriestetica.es\/wp-content\/uploads\/2024\/11\/604aa4962b2c19679d3ea9f0c842fe198197133f.jpg\" alt=\"\" style=\"aspect-ratio:3\/4;object-fit:cover\" srcset=\"https:\/\/zuriestetica.es\/wp-content\/uploads\/2024\/11\/604aa4962b2c19679d3ea9f0c842fe198197133f.jpg 1280w, https:\/\/zuriestetica.es\/wp-content\/uploads\/2024\/11\/604aa4962b2c19679d3ea9f0c842fe198197133f-200x300.jpg 200w, https:\/\/zuriestetica.es\/wp-content\/uploads\/2024\/11\/604aa4962b2c19679d3ea9f0c842fe198197133f-683x1024.jpg 683w, https:\/\/zuriestetica.es\/wp-content\/uploads\/2024\/11\/604aa4962b2c19679d3ea9f0c842fe198197133f-768x1152.jpg 768w, https:\/\/zuriestetica.es\/wp-content\/uploads\/2024\/11\/604aa4962b2c19679d3ea9f0c842fe198197133f-1024x1536.jpg 1024w\" sizes=\"(max-width: 1280px) 100vw, 1280px\" \/><\/figure>\n\n\n\n<figure class=\"wp-block-image\"><img decoding=\"async\" data-id=\"53\" class=\"wp-image-53\" src=\"https:\/\/zuriestetica.es\/wp-content\/uploads\/2024\/11\/df66a5dd1c01d0bba1d9b81be9e7caa51122cf8d.jpg\" alt=\"\" style=\"aspect-ratio:3\/4;object-fit:cover\"\/><\/figure>\n\n\n\n<figure class=\"wp-block-image\"><img decoding=\"async\" data-id=\"54\" class=\"wp-image-54\" src=\"https:\/\/zuriestetica.es\/wp-content\/uploads\/2024\/11\/12352a88ce7770aff52d529b94d6cad494ba3cf4.jpg\" alt=\"\" style=\"aspect-ratio:3\/4;object-fit:cover\"\/><\/figure>\n<\/figure>\n<\/div><\/div>\n\n<div class=\"wp-block-group alignfull has-background-background-color has-background\" style=\"margin-top:0;margin-bottom:0;padding-top:var(--wp--preset--spacing--60);padding-right:var(--wp--preset--spacing--30);padding-bottom:var(--wp--preset--spacing--60);padding-left:var(--wp--preset--spacing--30)\"><div class=\"wp-block-group__inner-container is-layout-constrained wp-container-core-group-is-layout-5f5bae1a wp-block-group-is-layout-constrained\">\n<div class=\"wp-block-columns alignwide are-vertically-aligned-top is-layout-flex wp-container-core-columns-is-layout-ea1c9e2a wp-block-columns-is-layout-flex\">\n<div class=\"wp-block-column is-vertically-aligned-top is-layout-flow wp-block-column-is-layout-flow\">\n<h2 class=\"wp-block-heading has-large-font-size\">Ofertas Especiales para Embellecer tus Manos<\/h2>\n\n\n\n<p style=\"margin-top:16px\">En Zuri\u00f1e Est\u00e9tica, te brindamos servicios de u\u00f1as que van desde el cuidado cl\u00e1sico hasta obras de arte \u00fanicas. \u00a1Vis\u00edtanos para una experiencia de lujo!<\/p>\n\n\n\n<div class=\"wp-block-buttons is-layout-flex wp-block-buttons-is-layout-flex\" style=\"margin-top:var(--wp--preset--spacing--40)\">\n<div class=\"wp-block-button\"><a class=\"wp-block-button__link wp-element-button\" href=\/precios>Solicitar cita<\/a><\/div>\n<\/div>\n<\/div>\n\n\n\n<div class=\"wp-block-column is-vertically-aligned-top is-layout-flow wp-block-column-is-layout-flow\">\n<div class=\"wp-block-group has-tertiary-background-color has-background\" style=\"border-radius:4px;padding-top:var(--wp--preset--spacing--30);padding-right:var(--wp--preset--spacing--30);padding-bottom:var(--wp--preset--spacing--30);padding-left:var(--wp--preset--spacing--30)\"><div class=\"wp-block-group__inner-container is-layout-constrained wp-container-core-group-is-layout-651e6f64 wp-block-group-is-layout-constrained\">\n<figure class=\"wp-block-image size-large is-resized ext-aspect-landscape wp-duotone-varpresetduotoneprimary-foreground-2\"><img decoding=\"async\" src=\"data:image\/svg+xml;base64,PHN2ZyB4bWxucz0iaHR0cDovL3d3dy53My5vcmcvMjAwMC9zdmciIHdpZHRoPSI0OCIgaGVpZ2h0PSI0OCIgZmlsbD0ibm9uZSIgdmlld0JveD0iMCAwIDQ4IDQ4Ij48bWFzayBpZD0iYSIgd2lkdGg9IjQ4IiBoZWlnaHQ9IjQ4IiB4PSIwIiB5PSIwIiBtYXNrVW5pdHM9InVzZXJTcGFjZU9uVXNlIiBzdHlsZT0ibWFzay10eXBlOmFscGhhIj48cGF0aCBmaWxsPSIjRDlEOUQ5IiBkPSJNMCAwaDQ4djQ4SDB6Ii8+PC9tYXNrPjxnIG1hc2s9InVybCgjYSkiPjxwYXRoIGZpbGw9IiMxQzFCMUYiIGQ9Im00IDQ0IDkuMy0yNiAxNi44NSAxNi42NUw0IDQ0Wm01LjA1LTUuMDUgMTUuNy01LjYtMTAuMTUtMTAuMi01LjU1IDE1LjhabTE4LjgtMTMuMi0xLjctMS43IDEyLTEyYzEuMDY3LTEuMDY3IDIuNDE3LTEuNjA4IDQuMDUtMS42MjUgMS42MzMtLjAxNyAyLjk4My41MDggNC4wNSAxLjU3NWwuODUuODUtMS43IDEuNy0uOTUtLjk1Yy0uNjMzLS42MzMtMS4zNjctLjk1OC0yLjItLjk3NS0uODMzLS4wMTctMS41ODMuMzA4LTIuMjUuOTc1TDI3Ljg1IDI1Ljc1Wk0xOS45IDE4bC0xLjctMS43IDEuNS0xLjVjLjc2Ny0uNzY3IDEuMTI1LTEuNjQyIDEuMDc1LTIuNjI1LS4wNS0uOTgzLS40MDgtMS44MDgtMS4wNzUtMi40NzVsLTEuNC0xLjRMMjAgNi42bDEuMyAxLjNjMS4xNjcgMS4xNjcgMS43NDIgMi42MjUgMS43MjUgNC4zNzUtLjAxNyAxLjc1LS42MDggMy4yMDgtMS43NzUgNC4zNzVMMTkuOSAxOFptNC4wNSAzLjg1LTEuNy0xLjcgNy42LTcuNmMuNjMzLS42MzMuOTQyLTEuNDQyLjkyNS0yLjQyNS0uMDE3LS45ODMtLjM0Mi0xLjc5Mi0uOTc1LTIuNDI1bC0zLjA1LTMuMDUgMS43LTEuN0wzMS42IDYuMWMxLjAzMyAxLjA2NyAxLjU2NyAyLjQwOCAxLjYgNC4wMjUuMDMzIDEuNjE3LS40ODMgMi45NTgtMS41NSA0LjAyNWwtNy43IDcuN1ptNy45IDcuOTUtMS43LTEuNyAyLjM1LTIuMzVjMS4xNjctMS4xNjcgMi41NjctMS43NjcgNC4yLTEuOCAxLjYzMy0uMDMzIDMuMDMzLjUzMyA0LjIgMS43bDIuNTUgMi41NS0xLjcgMS43LTIuNi0yLjZjLS43NjctLjc2Ny0xLjU2Ny0xLjE1LTIuNC0xLjE1cy0xLjYzMy4zODMtMi40IDEuMTVsLTIuNSAyLjVaIi8+PC9nPjwvc3ZnPg==\" alt=\"\" style=\"object-fit:cover;width:48px;height:48px\"\/><\/figure>\n\n\n\n<h3 class=\"wp-block-heading\" style=\"margin-top:24px;font-size:20px;line-height:1.5\">Oferta destacada de la semana<\/h3>\n\n\n\n<p class=\"has-small-font-size\" style=\"margin-top:8px\">\u00a1Oferta de la semana! Ahorra en nuestros servicios de manicura y pedicura. \u00a1No lo dejes pasar!<\/p>\n<\/div><\/div>\n\n\n\n<div class=\"wp-block-group has-tertiary-background-color has-background\" style=\"border-radius:4px;padding-top:var(--wp--preset--spacing--30);padding-right:var(--wp--preset--spacing--30);padding-bottom:var(--wp--preset--spacing--30);padding-left:var(--wp--preset--spacing--30)\"><div class=\"wp-block-group__inner-container is-layout-constrained wp-container-core-group-is-layout-651e6f64 wp-block-group-is-layout-constrained\">\n<figure class=\"wp-block-image size-large is-resized ext-aspect-landscape wp-duotone-varpresetduotoneprimary-foreground-3\"><img decoding=\"async\" src=\"data:image\/svg+xml;base64,PHN2ZyB4bWxucz0iaHR0cDovL3d3dy53My5vcmcvMjAwMC9zdmciIHdpZHRoPSI0OCIgaGVpZ2h0PSI0OCIgZmlsbD0ibm9uZSIgdmlld0JveD0iMCAwIDQ4IDQ4Ij48bWFzayBpZD0iYSIgd2lkdGg9IjQ4IiBoZWlnaHQ9IjQ4IiB4PSIwIiB5PSIwIiBtYXNrVW5pdHM9InVzZXJTcGFjZU9uVXNlIiBzdHlsZT0ibWFzay10eXBlOmFscGhhIj48cGF0aCBmaWxsPSIjRDlEOUQ5IiBkPSJNMCAwaDQ4djQ4SDB6Ii8+PC9tYXNrPjxnIG1hc2s9InVybCgjYSkiPjxwYXRoIGZpbGw9IiMxQzFCMUYiIGQ9Ik0zNi41IDI1LjV2LTNINDR2M2gtNy41Wk0zOSA0MGwtNi4wNS00LjUgMS44LTIuNCA2LjA1IDQuNUwzOSA0MFptLTQuMS0yNS4xNS0xLjgtMi40TDM5IDhsMS44IDIuNC01LjkgNC40NVpNMTAuNSAzOHYtOEg3YTIuODg3IDIuODg3IDAgMCAxLTIuMTE5LS44ODFBMi44ODggMi44ODggMCAwIDEgNCAyN3YtNmMwLS44MjUuMjk0LTEuNTMxLjg4MS0yLjExOUEyLjg4OSAyLjg4OSAwIDAgMSA3IDE4aDlsMTAtNnYyNGwtMTAtNmgtMi41djhoLTNaTTIzIDMwLjdWMTcuM0wxNi44IDIxSDd2Nmg5LjhsNi4yIDMuN1ptNSAwVjE3LjNjLjkuOCAxLjYyNSAxLjc3NSAyLjE3NSAyLjkyNS41NSAxLjE1LjgyNSAyLjQwOC44MjUgMy43NzVzLS4yNzUgMi42MjUtLjgyNSAzLjc3NUE5LjEzNCA5LjEzNCAwIDAgMSAyOCAzMC43WiIvPjwvZz48L3N2Zz4=\" alt=\"\" style=\"object-fit:cover;width:48px;height:48px\"\/><\/figure>\n\n\n\n<h3 class=\"wp-block-heading\" style=\"margin-top:24px;font-size:20px;line-height:1.5\">Beneficio para nuevos visitantes<\/h3>\n\n\n\n<p class=\"has-small-font-size\" style=\"margin-top:8px\">Aprovecha un descuento exclusivo en tu primera visita. Deja que nuestro equipo de profesionales te mime.<\/p>\n<\/div><\/div>\n<\/div>\n<\/div>\n<\/div><\/div>\n\n<div class=\"wp-block-group alignfull has-tertiary-background-color has-background\" id=\"testimonios\" style=\"margin-top:0;margin-bottom:0;padding-top:var(--wp--preset--spacing--60);padding-right:var(--wp--preset--spacing--30);padding-bottom:var(--wp--preset--spacing--60);padding-left:var(--wp--preset--spacing--30)\"><div class=\"wp-block-group__inner-container is-layout-constrained wp-container-core-group-is-layout-392eb801 wp-block-group-is-layout-constrained\">\n<div class=\"wp-block-group alignwide is-content-justification-left\"><div class=\"wp-block-group__inner-container is-layout-constrained wp-container-core-group-is-layout-eded1d97 wp-block-group-is-layout-constrained\">\n<h2 class=\"wp-block-heading has-large-font-size\">Testimonios de Belleza<\/h2>\n\n\n\n<p style=\"margin-top:16px\">El trabajo en mis u\u00f1as fue impecable. \u00a1Gracias por destacar su belleza con tanto estilo y profesionalismo!<\/p>\n<\/div><\/div>\n\n\n\n<div class=\"wp-block-columns alignwide is-layout-flex wp-container-core-columns-is-layout-9d6595d7 wp-block-columns-is-layout-flex\">\n<div class=\"wp-block-column has-background-background-color has-background is-layout-flow wp-block-column-is-layout-flow\">\n<div class=\"wp-block-group\" style=\"padding-top:var(--wp--preset--spacing--30);padding-right:24px;padding-bottom:var(--wp--preset--spacing--30);padding-left:24px\"><div class=\"wp-block-group__inner-container is-layout-constrained wp-container-core-group-is-layout-6a81b5f5 wp-block-group-is-layout-constrained\">\n<p>\u00a1Nunca hab\u00eda visto mis u\u00f1as tan deslumbrantes! \u00a1Gracias Zuri\u00f1e Est\u00e9tica!<\/p>\n\n\n\n<div class=\"wp-block-group is-nowrap is-layout-flex wp-container-core-group-is-layout-9510437d wp-block-group-is-layout-flex\"><div class=\"wp-block-image is-style-rounded\">\n<figure class=\"aligncenter\"><img decoding=\"async\" width=\"64\" height=\"64\" class=\"wp-image-35\" src=\"https:\/\/zuriestetica.es\/wp-content\/uploads\/2024\/11\/1fe8ae8069338e8a2770cc5eea182302d3558800.jpg\" alt=\"\" style=\"aspect-ratio:1;object-fit:cover\"\/><\/figure><\/div>\n\n\n<div class=\"wp-block-group\"><div class=\"wp-block-group__inner-container is-layout-constrained wp-block-group-is-layout-constrained\">\n<h4 class=\"wp-block-heading has-text-align-left has-small-font-size\">Laura S\u00e1nchez<\/h4>\n\n\n\n<p class=\"has-text-align-left has-small-font-size\" style=\"margin-top:2px\">Propietaria de boutique de lujo<\/p>\n<\/div><\/div>\n<\/div>\n<\/div><\/div>\n<\/div>\n\n\n\n<div class=\"wp-block-column has-background-background-color has-background is-layout-flow wp-block-column-is-layout-flow\">\n<div class=\"wp-block-group\" style=\"padding-top:var(--wp--preset--spacing--30);padding-right:24px;padding-bottom:var(--wp--preset--spacing--30);padding-left:24px\"><div class=\"wp-block-group__inner-container is-layout-constrained wp-container-core-group-is-layout-6a81b5f5 wp-block-group-is-layout-constrained\">\n<p>\u00a1El mejor lugar para mimar tus u\u00f1as en Fuenmayor!<\/p>\n\n\n\n<div class=\"wp-block-group is-nowrap is-layout-flex wp-container-core-group-is-layout-9510437d wp-block-group-is-layout-flex\"><div class=\"wp-block-image is-style-rounded\">\n<figure class=\"aligncenter\"><img loading=\"lazy\" decoding=\"async\" width=\"64\" height=\"64\" class=\"wp-image-34\" src=\"https:\/\/zuriestetica.es\/wp-content\/uploads\/2024\/11\/c4edd2d47ef65ceb6e379731c2947a86594c7e16.jpg\" alt=\"\" style=\"aspect-ratio:1;object-fit:cover\"\/><\/figure><\/div>\n\n\n<div class=\"wp-block-group\"><div class=\"wp-block-group__inner-container is-layout-constrained wp-block-group-is-layout-constrained\">\n<h4 class=\"wp-block-heading has-text-align-left has-small-font-size\">Pedro P\u00e9rez<\/h4>\n\n\n\n<p class=\"has-text-align-left has-small-font-size\" style=\"margin-top:2px\">Estilista de renombre<\/p>\n<\/div><\/div>\n<\/div>\n<\/div><\/div>\n<\/div>\n\n\n\n<div class=\"wp-block-column has-background-background-color has-background is-layout-flow wp-block-column-is-layout-flow\">\n<div class=\"wp-block-group\" style=\"padding-top:var(--wp--preset--spacing--30);padding-right:24px;padding-bottom:var(--wp--preset--spacing--30);padding-left:24px\"><div class=\"wp-block-group__inner-container is-layout-constrained wp-container-core-group-is-layout-6a81b5f5 wp-block-group-is-layout-constrained\">\n<p>\u00a1Una experiencia de manicura insuperable en un entorno tranquilo y elegante!<\/p>\n\n\n\n<div class=\"wp-block-group is-nowrap is-layout-flex wp-container-core-group-is-layout-9510437d wp-block-group-is-layout-flex\"><div class=\"wp-block-image is-style-rounded\">\n<figure class=\"aligncenter\"><img loading=\"lazy\" decoding=\"async\" width=\"64\" height=\"64\" class=\"wp-image-33\" src=\"https:\/\/zuriestetica.es\/wp-content\/uploads\/2024\/11\/4a71f64b1f55758349751a95c02ab73be353f75f.jpg\" alt=\"\" style=\"aspect-ratio:1;object-fit:cover\"\/><\/figure><\/div>\n\n\n<div class=\"wp-block-group\"><div class=\"wp-block-group__inner-container is-layout-constrained wp-block-group-is-layout-constrained\">\n<h4 class=\"wp-block-heading has-text-align-left has-small-font-size\">Ana G\u00f3mez<\/h4>\n\n\n\n<p class=\"has-text-align-left has-small-font-size\" style=\"margin-top:2px\">Experta en maquillaje<\/p>\n<\/div><\/div>\n<\/div>\n<\/div><\/div>\n<\/div>\n<\/div>\n<\/div><\/div>\n\n<div class=\"wp-block-group alignfull has-background-background-color has-background\" id=\"contacto\" style=\"margin-top:0;margin-bottom:0;padding-top:0;padding-right:0;padding-bottom:0;padding-left:0\"><div class=\"wp-block-group__inner-container is-layout-constrained wp-container-core-group-is-layout-f77d2fef wp-block-group-is-layout-constrained\">\n<div class=\"wp-block-columns alignfull are-vertically-aligned-center is-layout-flex wp-container-core-columns-is-layout-27d3582e wp-block-columns-is-layout-flex\">\n<div class=\"wp-block-column is-vertically-aligned-center is-layout-flow wp-block-column-is-layout-flow\">\n<div class=\"wp-block-cover\" style=\"min-height:60vh;aspect-ratio:unset;\"><span aria-hidden=\"true\" class=\"wp-block-cover__background has-background-dim-0 has-background-dim\"><\/span><img loading=\"lazy\" decoding=\"async\" width=\"1280\" height=\"1920\" class=\"wp-block-cover__image-background wp-image-26\" alt=\"\" src=\"https:\/\/zuriestetica.es\/wp-content\/uploads\/2024\/11\/e1766fcdf459b286cb68b9959c7d4fea98fa976a.jpg\" data-object-fit=\"cover\" srcset=\"https:\/\/zuriestetica.es\/wp-content\/uploads\/2024\/11\/e1766fcdf459b286cb68b9959c7d4fea98fa976a.jpg 1280w, https:\/\/zuriestetica.es\/wp-content\/uploads\/2024\/11\/e1766fcdf459b286cb68b9959c7d4fea98fa976a-200x300.jpg 200w, https:\/\/zuriestetica.es\/wp-content\/uploads\/2024\/11\/e1766fcdf459b286cb68b9959c7d4fea98fa976a-683x1024.jpg 683w, https:\/\/zuriestetica.es\/wp-content\/uploads\/2024\/11\/e1766fcdf459b286cb68b9959c7d4fea98fa976a-768x1152.jpg 768w, https:\/\/zuriestetica.es\/wp-content\/uploads\/2024\/11\/e1766fcdf459b286cb68b9959c7d4fea98fa976a-1024x1536.jpg 1024w\" sizes=\"(max-width: 1280px) 100vw, 1280px\" \/><div class=\"wp-block-cover__inner-container is-layout-flow wp-block-cover-is-layout-flow\">\n<div style=\"height:380px\" aria-hidden=\"true\" class=\"wp-block-spacer\"><\/div>\n<\/div><\/div>\n<\/div>\n\n\n\n<div class=\"wp-block-column is-vertically-aligned-center is-layout-flow wp-block-column-is-layout-flow\">\n<div class=\"wp-block-group is-content-justification-left\" style=\"padding-top:var(--wp--preset--spacing--30);padding-right:var(--wp--preset--spacing--40);padding-bottom:var(--wp--preset--spacing--30);padding-left:var(--wp--preset--spacing--40)\"><div class=\"wp-block-group__inner-container is-layout-constrained wp-container-core-group-is-layout-28b6cb48 wp-block-group-is-layout-constrained\">\n<h2 class=\"wp-block-heading has-large-font-size\">\u00a1Reserva tu cita hoy mismo y descubre la belleza que te mereces!<\/h2>\n\n\n\n<p><strong>Avenida Est\u00e9tica, 45<\/strong><\/p>\n\n\n\n<p style=\"margin-top:0\"><strong>Fuenmayor, La Rioja<\/strong><\/p>\n\n\n\n<p class=\"has-small-font-size\" style=\"margin-top:8px\">+34 941 123 456<\/p>\n\n\n\n<p class=\"has-small-font-size\" style=\"margin-top:8px\">contacto@zurineestetica.com<\/p>\n<\/div><\/div>\n<\/div>\n<\/div>\n<\/div><\/div>\n","protected":false},"excerpt":{"rendered":"<p>Tu Centro de Est\u00e9tica en Fuenmayor Centro de Est\u00e9tica Zuri\u00f1e,&hellip;<\/p>\n<p> <a class=\"more-link\" href=\"https:\/\/zuriestetica.es\/en\/inicio\/\">Read more<\/a><\/p>\n","protected":false},"author":1,"featured_media":0,"parent":0,"menu_order":0,"comment_status":"closed","ping_status":"closed","template":"no-title","meta":{"footnotes":""},"class_list":["post-17","page","type-page","status-publish"],"_links":{"self":[{"href":"https:\/\/zuriestetica.es\/en\/wp-json\/wp\/v2\/pages\/17","targetHints":{"allow":["GET"]}}],"collection":[{"href":"https:\/\/zuriestetica.es\/en\/wp-json\/wp\/v2\/pages"}],"about":[{"href":"https:\/\/zuriestetica.es\/en\/wp-json\/wp\/v2\/types\/page"}],"author":[{"embeddable":true,"href":"https:\/\/zuriestetica.es\/en\/wp-json\/wp\/v2\/users\/1"}],"replies":[{"embeddable":true,"href":"https:\/\/zuriestetica.es\/en\/wp-json\/wp\/v2\/comments?post=17"}],"version-history":[{"count":2,"href":"https:\/\/zuriestetica.es\/en\/wp-json\/wp\/v2\/pages\/17\/revisions"}],"predecessor-version":[{"id":55,"href":"https:\/\/zuriestetica.es\/en\/wp-json\/wp\/v2\/pages\/17\/revisions\/55"}],"wp:attachment":[{"href":"https:\/\/zuriestetica.es\/en\/wp-json\/wp\/v2\/media?parent=17"}],"curies":[{"name":"wp","href":"https:\/\/api.w.org\/{rel}","templated":true}]}}