{"id":15,"date":"2024-11-11T06:35:23","date_gmt":"2024-11-11T06:35:23","guid":{"rendered":"https:\/\/zuriestetica.es\/precios\/"},"modified":"2024-11-11T06:35:59","modified_gmt":"2024-11-11T06:35:59","slug":"precios","status":"publish","type":"page","link":"https:\/\/zuriestetica.es\/en\/precios\/","title":{"rendered":"Precios"},"content":{"rendered":"\n<div class=\"wp-block-group alignfull has-background-background-color has-background\" style=\"margin-top:0;margin-bottom:0;padding-top:0;padding-right:0;padding-bottom:0;padding-left:0\"><div class=\"wp-block-group__inner-container is-layout-constrained wp-container-core-group-is-layout-a2fe4d32 wp-block-group-is-layout-constrained\">\n<div class=\"wp-block-cover alignfull\" style=\"padding-top:0;padding-right:var(--wp--preset--spacing--30);padding-bottom:0;padding-left:var(--wp--preset--spacing--30);min-height:50px;aspect-ratio:unset;\"><span aria-hidden=\"true\" class=\"wp-block-cover__background has-black-background-color has-background-dim-60 has-background-dim\"><\/span><img fetchpriority=\"high\" decoding=\"async\" width=\"1280\" height=\"1920\" class=\"wp-block-cover__image-background wp-image-25\" alt=\"\" src=\"https:\/\/zuriestetica.es\/wp-content\/uploads\/2024\/11\/55ccbd45fb2333cd9db064d1113e2476aad268d1.jpg\" data-object-fit=\"cover\" srcset=\"https:\/\/zuriestetica.es\/wp-content\/uploads\/2024\/11\/55ccbd45fb2333cd9db064d1113e2476aad268d1.jpg 1280w, https:\/\/zuriestetica.es\/wp-content\/uploads\/2024\/11\/55ccbd45fb2333cd9db064d1113e2476aad268d1-200x300.jpg 200w, https:\/\/zuriestetica.es\/wp-content\/uploads\/2024\/11\/55ccbd45fb2333cd9db064d1113e2476aad268d1-683x1024.jpg 683w, https:\/\/zuriestetica.es\/wp-content\/uploads\/2024\/11\/55ccbd45fb2333cd9db064d1113e2476aad268d1-768x1152.jpg 768w, https:\/\/zuriestetica.es\/wp-content\/uploads\/2024\/11\/55ccbd45fb2333cd9db064d1113e2476aad268d1-1024x1536.jpg 1024w\" sizes=\"(max-width: 1280px) 100vw, 1280px\" \/><div class=\"wp-block-cover__inner-container is-layout-flow wp-block-cover-is-layout-flow\">\n<div class=\"wp-block-group\" style=\"padding-top:var(--wp--preset--spacing--60);padding-bottom:var(--wp--preset--spacing--60)\"><div class=\"wp-block-group__inner-container is-layout-constrained wp-block-group-is-layout-constrained\">\n<div class=\"wp-block-columns alignwide are-vertically-aligned-center is-layout-flex wp-container-core-columns-is-layout-cf4855f5 wp-block-columns-is-layout-flex\">\n<div class=\"wp-block-column is-vertically-aligned-center is-layout-flow wp-block-column-is-layout-flow\">\n<h1 class=\"wp-block-heading has-text-color has-x-large-font-size\" style=\"color:#fffffffc\">Precios y tratamientos<\/h1>\n<\/div>\n\n\n\n<div class=\"wp-block-column is-vertically-aligned-center is-layout-flow wp-block-column-is-layout-flow\">\n<p class=\"has-text-color\" style=\"color:#fffffffc\">Explora nuestros tratamientos de manicura de primera clase en el coraz\u00f3n de Fuenmayor<\/p>\n<\/div>\n<\/div>\n<\/div><\/div>\n<\/div><\/div>\n<\/div><\/div>\n\n<div class=\"wp-block-group alignfull has-tertiary-background-color has-background\" id=\"precios\" style=\"margin-top:0;margin-bottom:0;padding-top:var(--wp--preset--spacing--60);padding-right:var(--wp--preset--spacing--30);padding-bottom:var(--wp--preset--spacing--60);padding-left:var(--wp--preset--spacing--30)\"><div class=\"wp-block-group__inner-container is-layout-constrained wp-container-core-group-is-layout-cad32e20 wp-block-group-is-layout-constrained\">\n<div class=\"wp-block-group alignwide is-content-justification-left\"><div class=\"wp-block-group__inner-container is-layout-constrained wp-container-core-group-is-layout-eded1d97 wp-block-group-is-layout-constrained\">\n<h2 class=\"wp-block-heading has-text-align-left has-large-font-size\">Precios de tratamientos de u\u00f1as<\/h2>\n\n\n\n<p class=\"has-text-align-left\" style=\"margin-top:16px\">En Centro de Est\u00e9tica Zuri\u00f1e, ofrecemos una variedad de servicios de cuidado de u\u00f1as a precios competitivos. Nuestro compromiso es ofrecerte calidad superior sin comprometer tu presupuesto. Aqu\u00ed est\u00e1n nuestros precios detallados:<\/p>\n<\/div><\/div>\n\n\n\n<div class=\"wp-block-columns alignwide are-vertically-aligned-center is-layout-flex wp-container-core-columns-is-layout-851bf656 wp-block-columns-is-layout-flex\" style=\"margin-top:var(--wp--preset--spacing--50)\">\n<div class=\"wp-block-column is-vertically-aligned-center has-background-background-color has-background is-layout-flow wp-block-column-is-layout-flow\">\n<div class=\"wp-block-group\" style=\"padding-top:var(--wp--preset--spacing--30);padding-right:var(--wp--preset--spacing--30);padding-bottom:var(--wp--preset--spacing--30);padding-left:var(--wp--preset--spacing--30)\"><div class=\"wp-block-group__inner-container is-layout-constrained wp-container-core-group-is-layout-97875daf wp-block-group-is-layout-constrained\">\n<div class=\"wp-block-group is-content-justification-space-between is-nowrap is-layout-flex wp-container-core-group-is-layout-48b99cec wp-block-group-is-layout-flex\" style=\"border-bottom-color:var(--wp--preset--color--foreground);border-bottom-width:1px;padding-bottom:var(--wp--preset--spacing--30)\">\n<div class=\"wp-block-group\"><div class=\"wp-block-group__inner-container is-layout-constrained wp-block-group-is-layout-constrained\">\n<figure class=\"wp-block-image size-large wp-duotone-varpresetduotoneprimary-foreground-1\"><img decoding=\"async\" src=\"data:image\/svg+xml;base64,PHN2ZyB4bWxucz0iaHR0cDovL3d3dy53My5vcmcvMjAwMC9zdmciIHdpZHRoPSI0OCIgaGVpZ2h0PSI0OCIgZmlsbD0ibm9uZSIgdmlld0JveD0iMCAwIDQ4IDQ4Ij48bWFzayBpZD0iYSIgd2lkdGg9IjQ4IiBoZWlnaHQ9IjQ4IiB4PSIwIiB5PSIwIiBtYXNrVW5pdHM9InVzZXJTcGFjZU9uVXNlIiBzdHlsZT0ibWFzay10eXBlOmFscGhhIj48cGF0aCBmaWxsPSIjRDlEOUQ5IiBkPSJNMCAwaDQ4djQ4SDB6Ii8+PC9tYXNrPjxnIG1hc2s9InVybCgjYSkiPjxwYXRoIGZpbGw9IiMxQzFCMUYiIGQ9Ik0xMC42IDM1Yy0zIDAtNS41MTctMS4wOTItNy41NS0zLjI3NUMxLjAxNyAyOS41NDIgMCAyNi45MzMgMCAyMy45YzAtMyAxLjAyNS01LjU2NyAzLjA3NS03LjdDNS4xMjUgMTQuMDY3IDcuNjMzIDEzIDEwLjYgMTNjMS4yIDAgMi4zNTguMiAzLjQ3NS42YTguMjc2IDguMjc2IDAgMCAxIDIuOTc1IDEuODVsNC42NSA0LjUtMi4xIDIuMS00LjQ1LTQuMzVhNS4zMzQgNS4zMzQgMCAwIDAtMi4wNzUtMS4zQTcuNjI2IDcuNjI2IDAgMCAwIDEwLjYgMTZjLTIuMTMzIDAtMy45MzMuNzc1LTUuNCAyLjMyNUMzLjczMyAxOS44NzUgMyAyMS43MzMgMyAyMy45YzAgMi4yLjcyNSA0LjEgMi4xNzUgNS43QzYuNjI1IDMxLjIgOC40MzMgMzIgMTAuNiAzMmMuODMzIDAgMS42NDItLjEzMyAyLjQyNS0uNGE2LjExNyA2LjExNyAwIDAgMCAyLjEyNS0xLjI1bDE1LjgtMTQuOWE4LjI3NiA4LjI3NiAwIDAgMSAyLjk3NS0xLjg1YzEuMTE3LS40IDIuMjU4LS42IDMuNDI1LS42IDMgMCA1LjUyNSAxLjA2NyA3LjU3NSAzLjJTNDggMjAuOSA0OCAyMy45YzAgMy4wMzMtMS4wMjUgNS42NDItMy4wNzUgNy44MjVDNDIuODc1IDMzLjkwOCA0MC4zNSAzNSAzNy4zNSAzNWMtMS4xNjcgMC0yLjMxNy0uMTkyLTMuNDUtLjU3NWE3LjUyMiA3LjUyMiAwIDAgMS0yLjk1LTEuODI1bC00LjU1LTQuNSAyLjEtMi4xIDQuMzUgNC4zNWE1LjE2IDUuMTYgMCAwIDAgMi4wNSAxLjI1Yy44LjI2NyAxLjYxNy40IDIuNDUuNCAyLjE2NyAwIDMuOTgzLS44IDUuNDUtMi40IDEuNDY3LTEuNiAyLjItMy41IDIuMi01LjcgMC0yLjE2Ny0uNzQyLTQuMDI1LTIuMjI1LTUuNTc1QzQxLjI5MiAxNi43NzUgMzkuNDgzIDE2IDM3LjM1IDE2Yy0uODMzIDAtMS42NDIuMTUtMi40MjUuNDVhNi4yNCA2LjI0IDAgMCAwLTIuMDc1IDEuM2wtMTUuOCAxNC45YTguMjg1IDguMjg1IDAgMCAxLTMgMS43NzVBMTAuNzAyIDEwLjcwMiAwIDAgMSAxMC42IDM1WiIvPjwvZz48L3N2Zz4=\" alt=\"\"\/><\/figure>\n\n\n\n<h3 class=\"wp-block-heading has-text-align-left\" style=\"margin-top:16px;font-size:1.75rem\">Manicura francesa<\/h3>\n<\/div><\/div>\n\n\n\n<h3 class=\"wp-block-heading has-text-align-left\" style=\"margin-top:12px;font-size:1.5rem;font-style:normal;font-weight:700\">\u20ac35<\/h3>\n<\/div>\n\n\n\n<p class=\"has-small-font-size\" style=\"margin-top:var(--wp--preset--spacing--30)\">Manicura francesa: elegancia y sofisticaci\u00f3n para tus manos. Profesionales en belleza de u\u00f1as. Calidad y larga duraci\u00f3n.<\/p>\n\n\n\n<div class=\"wp-block-buttons is-layout-flex wp-block-buttons-is-layout-flex\" style=\"margin-top:var(--wp--preset--spacing--40)\">\n<div class=\"wp-block-button has-custom-width wp-block-button__width-100\"><a class=\"wp-block-button__link wp-element-button\" href=\/contacto>Comienza ahora<\/a><\/div>\n<\/div>\n<\/div><\/div>\n<\/div>\n\n\n\n<div class=\"wp-block-column is-vertically-aligned-center is-layout-flow wp-block-column-is-layout-flow\">\n<div class=\"wp-block-group is-nowrap is-layout-flex wp-container-core-group-is-layout-4cd23e9f wp-block-group-is-layout-flex\">\n<figure class=\"wp-block-image size-large is-resized ext-aspect-landscape wp-duotone-varpresetduotoneprimary-foreground-2\"><img decoding=\"async\" src=\"data:image\/svg+xml;base64,PHN2ZyB4bWxucz0iaHR0cDovL3d3dy53My5vcmcvMjAwMC9zdmciIHdpZHRoPSI0OCIgaGVpZ2h0PSI0OCIgZmlsbD0ibm9uZSIgdmlld0JveD0iMCAwIDQ4IDQ4Ij48bWFzayBpZD0iYSIgd2lkdGg9IjQ4IiBoZWlnaHQ9IjQ4IiB4PSIwIiB5PSIwIiBtYXNrVW5pdHM9InVzZXJTcGFjZU9uVXNlIiBzdHlsZT0ibWFzay10eXBlOmFscGhhIj48cGF0aCBmaWxsPSIjRDlEOUQ5IiBkPSJNMCAwaDQ4djQ4SDB6Ii8+PC9tYXNrPjxnIG1hc2s9InVybCgjYSkiPjxwYXRoIGZpbGw9IiMxQzFCMUYiIGQ9Ik0yNCA0NGMtMi44MzMgMC01LjQ2Ny0uNTA4LTcuOS0xLjUyNS0yLjQzMy0xLjAxNy00LjU1LTIuNDI1LTYuMzUtNC4yMjUtMS44LTEuOC0zLjIwOC0zLjkxNy00LjIyNS02LjM1QzQuNTA4IDI5LjQ2NyA0IDI2LjgzMyA0IDI0YzAtMi44LjUwOC01LjQxNyAxLjUyNS03Ljg1UzcuOTUgMTEuNiA5Ljc1IDkuOGMxLjgtMS44IDMuOTE3LTMuMjE3IDYuMzUtNC4yNVMyMS4xNjcgNCAyNCA0YzIuNSAwIDQuODMzLjQgNyAxLjIgMi4xNjcuOCA0LjExNyAxLjkgNS44NSAzLjNsLTIuMTUgMi4xNWExNi43MzIgMTYuNzMyIDAgMCAwLTQuOS0yLjdDMjggNy4zMTcgMjYuMDY3IDcgMjQgN2MtNC44MzMgMC04Ljg3NSAxLjYyNS0xMi4xMjUgNC44NzVTNyAxOS4xNjcgNyAyNHMxLjYyNSA4Ljg3NSA0Ljg3NSAxMi4xMjVTMTkuMTY3IDQxIDI0IDQxczguODc1LTEuNjI1IDEyLjEyNS00Ljg3NVM0MSAyOC44MzMgNDEgMjRjMC0xLS4wNzUtMS45NzUtLjIyNS0yLjkyNS0uMTUtLjk1LS4zNzUtMS44NzUtLjY3NS0yLjc3NWwyLjMtMi4zYTE5LjEyMiAxOS4xMjIgMCAwIDEgMS4yIDMuODVjLjI2NyAxLjMzMy40IDIuNzE3LjQgNC4xNSAwIDIuODMzLS41MTcgNS40NjctMS41NSA3LjktMS4wMzMgMi40MzMtMi40NSA0LjU1LTQuMjUgNi4zNS0xLjggMS44LTMuOTE3IDMuMjA4LTYuMzUgNC4yMjVDMjkuNDE3IDQzLjQ5MiAyNi44IDQ0IDI0IDQ0Wm0tMi45NS0xMC45LTguMjUtOC4zIDIuMjUtMi4yNSA2IDYgMjAuNy0yMC43IDIuMyAyLjI1LTIzIDIzWiIvPjwvZz48L3N2Zz4=\" alt=\"\" style=\"object-fit:contain;width:32px;height:32px\"\/><\/figure>\n\n\n\n<div class=\"wp-block-group wp-container-content-958eb9dc\"><div class=\"wp-block-group__inner-container is-layout-constrained wp-block-group-is-layout-constrained\">\n<h3 class=\"wp-block-heading\" style=\"font-size:20px;line-height:1.5\">Amplia gama de servicios<\/h3>\n\n\n\n<p class=\"has-small-font-size\" style=\"margin-top:4px\">Servicios variados en u\u00f1as: desde manicuras cl\u00e1sicas hasta dise\u00f1os contempor\u00e1neos.<\/p>\n<\/div><\/div>\n<\/div>\n\n\n\n<div class=\"wp-block-group is-nowrap is-layout-flex wp-container-core-group-is-layout-4cd23e9f wp-block-group-is-layout-flex\">\n<figure class=\"wp-block-image size-large is-resized ext-aspect-landscape wp-duotone-varpresetduotoneprimary-foreground-3\"><img decoding=\"async\" src=\"data:image\/svg+xml;base64,PHN2ZyB4bWxucz0iaHR0cDovL3d3dy53My5vcmcvMjAwMC9zdmciIHdpZHRoPSI0OCIgaGVpZ2h0PSI0OCIgZmlsbD0ibm9uZSIgdmlld0JveD0iMCAwIDQ4IDQ4Ij48bWFzayBpZD0iYSIgd2lkdGg9IjQ4IiBoZWlnaHQ9IjQ4IiB4PSIwIiB5PSIwIiBtYXNrVW5pdHM9InVzZXJTcGFjZU9uVXNlIiBzdHlsZT0ibWFzay10eXBlOmFscGhhIj48cGF0aCBmaWxsPSIjRDlEOUQ5IiBkPSJNMCAwaDQ4djQ4SDB6Ii8+PC9tYXNrPjxnIG1hc2s9InVybCgjYSkiPjxwYXRoIGZpbGw9IiMxQzFCMUYiIGQ9Ik0yNCA0NGMtMi44MzMgMC01LjQ2Ny0uNTA4LTcuOS0xLjUyNS0yLjQzMy0xLjAxNy00LjU1LTIuNDI1LTYuMzUtNC4yMjUtMS44LTEuOC0zLjIwOC0zLjkxNy00LjIyNS02LjM1QzQuNTA4IDI5LjQ2NyA0IDI2LjgzMyA0IDI0YzAtMi44LjUwOC01LjQxNyAxLjUyNS03Ljg1UzcuOTUgMTEuNiA5Ljc1IDkuOGMxLjgtMS44IDMuOTE3LTMuMjE3IDYuMzUtNC4yNVMyMS4xNjcgNCAyNCA0YzIuNSAwIDQuODMzLjQgNyAxLjIgMi4xNjcuOCA0LjExNyAxLjkgNS44NSAzLjNsLTIuMTUgMi4xNWExNi43MzIgMTYuNzMyIDAgMCAwLTQuOS0yLjdDMjggNy4zMTcgMjYuMDY3IDcgMjQgN2MtNC44MzMgMC04Ljg3NSAxLjYyNS0xMi4xMjUgNC44NzVTNyAxOS4xNjcgNyAyNHMxLjYyNSA4Ljg3NSA0Ljg3NSAxMi4xMjVTMTkuMTY3IDQxIDI0IDQxczguODc1LTEuNjI1IDEyLjEyNS00Ljg3NVM0MSAyOC44MzMgNDEgMjRjMC0xLS4wNzUtMS45NzUtLjIyNS0yLjkyNS0uMTUtLjk1LS4zNzUtMS44NzUtLjY3NS0yLjc3NWwyLjMtMi4zYTE5LjEyMiAxOS4xMjIgMCAwIDEgMS4yIDMuODVjLjI2NyAxLjMzMy40IDIuNzE3LjQgNC4xNSAwIDIuODMzLS41MTcgNS40NjctMS41NSA3LjktMS4wMzMgMi40MzMtMi40NSA0LjU1LTQuMjUgNi4zNS0xLjggMS44LTMuOTE3IDMuMjA4LTYuMzUgNC4yMjVDMjkuNDE3IDQzLjQ5MiAyNi44IDQ0IDI0IDQ0Wm0tMi45NS0xMC45LTguMjUtOC4zIDIuMjUtMi4yNSA2IDYgMjAuNy0yMC43IDIuMyAyLjI1LTIzIDIzWiIvPjwvZz48L3N2Zz4=\" alt=\"\" style=\"object-fit:contain;width:32px;height:32px\"\/><\/figure>\n\n\n\n<div class=\"wp-block-group wp-container-content-958eb9dc\"><div class=\"wp-block-group__inner-container is-layout-constrained wp-block-group-is-layout-constrained\">\n<h3 class=\"wp-block-heading\" style=\"font-size:20px;line-height:1.5\">T\u00e9cnicos altamente cualificados<\/h3>\n\n\n\n<p class=\"has-small-font-size\" style=\"margin-top:4px\">Equipo de especialistas en u\u00f1as para resultados impecables y duraderos.<\/p>\n<\/div><\/div>\n<\/div>\n\n\n\n<div class=\"wp-block-group is-nowrap is-layout-flex wp-container-core-group-is-layout-4cd23e9f wp-block-group-is-layout-flex\">\n<figure class=\"wp-block-image size-large is-resized ext-aspect-landscape wp-duotone-varpresetduotoneprimary-foreground-4\"><img decoding=\"async\" src=\"data:image\/svg+xml;base64,PHN2ZyB4bWxucz0iaHR0cDovL3d3dy53My5vcmcvMjAwMC9zdmciIHdpZHRoPSI0OCIgaGVpZ2h0PSI0OCIgZmlsbD0ibm9uZSIgdmlld0JveD0iMCAwIDQ4IDQ4Ij48bWFzayBpZD0iYSIgd2lkdGg9IjQ4IiBoZWlnaHQ9IjQ4IiB4PSIwIiB5PSIwIiBtYXNrVW5pdHM9InVzZXJTcGFjZU9uVXNlIiBzdHlsZT0ibWFzay10eXBlOmFscGhhIj48cGF0aCBmaWxsPSIjRDlEOUQ5IiBkPSJNMCAwaDQ4djQ4SDB6Ii8+PC9tYXNrPjxnIG1hc2s9InVybCgjYSkiPjxwYXRoIGZpbGw9IiMxQzFCMUYiIGQ9Ik0yNCA0NGMtMi44MzMgMC01LjQ2Ny0uNTA4LTcuOS0xLjUyNS0yLjQzMy0xLjAxNy00LjU1LTIuNDI1LTYuMzUtNC4yMjUtMS44LTEuOC0zLjIwOC0zLjkxNy00LjIyNS02LjM1QzQuNTA4IDI5LjQ2NyA0IDI2LjgzMyA0IDI0YzAtMi44LjUwOC01LjQxNyAxLjUyNS03Ljg1UzcuOTUgMTEuNiA5Ljc1IDkuOGMxLjgtMS44IDMuOTE3LTMuMjE3IDYuMzUtNC4yNVMyMS4xNjcgNCAyNCA0YzIuNSAwIDQuODMzLjQgNyAxLjIgMi4xNjcuOCA0LjExNyAxLjkgNS44NSAzLjNsLTIuMTUgMi4xNWExNi43MzIgMTYuNzMyIDAgMCAwLTQuOS0yLjdDMjggNy4zMTcgMjYuMDY3IDcgMjQgN2MtNC44MzMgMC04Ljg3NSAxLjYyNS0xMi4xMjUgNC44NzVTNyAxOS4xNjcgNyAyNHMxLjYyNSA4Ljg3NSA0Ljg3NSAxMi4xMjVTMTkuMTY3IDQxIDI0IDQxczguODc1LTEuNjI1IDEyLjEyNS00Ljg3NVM0MSAyOC44MzMgNDEgMjRjMC0xLS4wNzUtMS45NzUtLjIyNS0yLjkyNS0uMTUtLjk1LS4zNzUtMS44NzUtLjY3NS0yLjc3NWwyLjMtMi4zYTE5LjEyMiAxOS4xMjIgMCAwIDEgMS4yIDMuODVjLjI2NyAxLjMzMy40IDIuNzE3LjQgNC4xNSAwIDIuODMzLS41MTcgNS40NjctMS41NSA3LjktMS4wMzMgMi40MzMtMi40NSA0LjU1LTQuMjUgNi4zNS0xLjggMS44LTMuOTE3IDMuMjA4LTYuMzUgNC4yMjVDMjkuNDE3IDQzLjQ5MiAyNi44IDQ0IDI0IDQ0Wm0tMi45NS0xMC45LTguMjUtOC4zIDIuMjUtMi4yNSA2IDYgMjAuNy0yMC43IDIuMyAyLjI1LTIzIDIzWiIvPjwvZz48L3N2Zz4=\" alt=\"\" style=\"object-fit:cover;width:32px;height:32px\"\/><\/figure>\n\n\n\n<div class=\"wp-block-group wp-container-content-958eb9dc\"><div class=\"wp-block-group__inner-container is-layout-constrained wp-block-group-is-layout-constrained\">\n<h3 class=\"wp-block-heading\" style=\"font-size:20px;line-height:1.5\">Experiencia de belleza \u00fanica<\/h3>\n\n\n\n<p class=\"has-small-font-size\" style=\"margin-top:4px\">En Centro de Est\u00e9tica Zuri\u00f1e, transformamos tu imagen y aumentamos tu seguridad.<\/p>\n<\/div><\/div>\n<\/div>\n<\/div>\n<\/div>\n<\/div><\/div>\n\n<div class=\"wp-block-group alignfull has-background-background-color has-background\" style=\"margin-top:0;margin-bottom:0;padding-top:0;padding-right:0;padding-bottom:0;padding-left:0\"><div class=\"wp-block-group__inner-container is-layout-constrained wp-container-core-group-is-layout-8f39f5f7 wp-block-group-is-layout-constrained\">\n<div class=\"wp-block-cover alignfull\" style=\"padding-top:var(--wp--preset--spacing--60);padding-right:var(--wp--preset--spacing--30);padding-bottom:var(--wp--preset--spacing--60);padding-left:var(--wp--preset--spacing--30);min-height:50vh;aspect-ratio:unset;\"><span aria-hidden=\"true\" class=\"wp-block-cover__background has-black-background-color has-background-dim-60 has-background-dim\"><\/span><img decoding=\"async\" width=\"1280\" height=\"853\" class=\"wp-block-cover__image-background wp-image-47\" alt=\"\" src=\"https:\/\/zuriestetica.es\/wp-content\/uploads\/2024\/11\/b3e638763f900a5d7ec5d0511ba924c7d2664d4c.jpg\" data-object-fit=\"cover\" srcset=\"https:\/\/zuriestetica.es\/wp-content\/uploads\/2024\/11\/b3e638763f900a5d7ec5d0511ba924c7d2664d4c.jpg 1280w, https:\/\/zuriestetica.es\/wp-content\/uploads\/2024\/11\/b3e638763f900a5d7ec5d0511ba924c7d2664d4c-300x200.jpg 300w, https:\/\/zuriestetica.es\/wp-content\/uploads\/2024\/11\/b3e638763f900a5d7ec5d0511ba924c7d2664d4c-1024x682.jpg 1024w, https:\/\/zuriestetica.es\/wp-content\/uploads\/2024\/11\/b3e638763f900a5d7ec5d0511ba924c7d2664d4c-768x512.jpg 768w\" sizes=\"(max-width: 1280px) 100vw, 1280px\" \/><div class=\"wp-block-cover__inner-container is-layout-flow wp-block-cover-is-layout-flow\">\n<div class=\"wp-block-group\"><div class=\"wp-block-group__inner-container is-layout-constrained wp-block-group-is-layout-constrained\">\n<h2 class=\"wp-block-heading has-text-align-center has-white-color has-text-color has-large-font-size\">Ofertas Especiales para tus U\u00f1as<\/h2>\n\n\n\n<p class=\"has-text-align-center has-white-color has-text-color\" style=\"margin-top:16px\">En Zuri\u00f1e Est\u00e9tica, encontrar\u00e1s una variedad de servicios para el cuidado de tus u\u00f1as, desde manicuras b\u00e1sicas hasta creaciones art\u00edsticas \u00fanicas. \u00a1Vis\u00edtanos y d\u00e9janos consentirte!<\/p>\n\n\n\n<div class=\"wp-block-buttons is-content-justification-center is-layout-flex wp-container-core-buttons-is-layout-e9798902 wp-block-buttons-is-layout-flex\" style=\"margin-top:var(--wp--preset--spacing--40)\">\n<div class=\"wp-block-button\"><a class=\"wp-block-button__link has-text-color has-background has-link-color wp-element-button\" href=\/contacto style=\"color:#111111;background-color:#fcfcfc\">Agendar cita<\/a><\/div>\n<\/div>\n<\/div><\/div>\n<\/div><\/div>\n\n\n\n<div class=\"wp-block-group alignfull has-background-color has-foreground-background-color has-text-color has-background has-link-color has-medium-font-size wp-elements-33636d3db071e713b00051b8c8b2e0cc is-content-justification-center is-layout-flex wp-container-core-group-is-layout-6f0fc805 wp-block-group-is-layout-flex\" style=\"padding-right:var(--wp--preset--spacing--30);padding-left:var(--wp--preset--spacing--30);font-style:normal;font-weight:600\">\n<p>Promoci\u00f3n para primeros clientes<\/p>\n\n\n\n<hr class=\"wp-block-separator has-alpha-channel-opacity is-style-default wp-container-content-d5c5dac1\"\/>\n\n\n\n<p>Bonificaci\u00f3n para nuevos clientes<\/p>\n\n\n\n<hr class=\"wp-block-separator has-alpha-channel-opacity is-style-default wp-container-content-d5c5dac1\"\/>\n\n\n\n<p>Oferta para clientes nuevos<\/p>\n\n\n\n<hr class=\"wp-block-separator has-alpha-channel-opacity is-style-default wp-container-content-d5c5dac1\"\/>\n\n\n\n<p>Promoci\u00f3n especial para nuevos<\/p>\n<\/div>\n<\/div><\/div>\n\n<div class=\"wp-block-group alignfull has-tertiary-background-color has-background\" style=\"padding-top:var(--wp--preset--spacing--60);padding-right:var(--wp--preset--spacing--30);padding-bottom:var(--wp--preset--spacing--60);padding-left:var(--wp--preset--spacing--30)\"><div class=\"wp-block-group__inner-container is-layout-constrained wp-container-core-group-is-layout-7088e677 wp-block-group-is-layout-constrained\">\n<div class=\"wp-block-media-text alignwide has-media-on-the-right is-stacked-on-mobile is-vertically-aligned-center is-image-fill\" style=\"padding-right:0;padding-left:0;grid-template-columns:auto 40%\"><div class=\"wp-block-media-text__content\">\n<div class=\"wp-block-group is-content-justification-left\" style=\"padding-top:var(--wp--preset--spacing--30);padding-right:0;padding-bottom:var(--wp--preset--spacing--30);padding-left:0\"><div class=\"wp-block-group__inner-container is-layout-constrained wp-container-core-group-is-layout-9a0c8d9f wp-block-group-is-layout-constrained\">\n<h2 class=\"wp-block-heading has-large-font-size\">Manicura y dise\u00f1os art\u00edsticos personalizados en el coraz\u00f3n de Fuenmayor<\/h2>\n\n\n\n<p style=\"margin-top:16px\">Estamos ansiosos por cuidar de sus u\u00f1as y brindarle una experiencia de belleza excepcional. Reserve su cita ahora y d\u00e9jenos consentirlo con nuestros servicios de alta calidad.<\/p>\n\n\n\n<ul style=\"line-height:2\" class=\"wp-block-list has-small-font-size\">\n<li>Servicios variados y completos<\/li>\n\n\n\n<li>Dise\u00f1os \u00fanicos y personalizados<\/li>\n\n\n\n<li>Equipo de especialistas calificados<\/li>\n\n\n\n<li>Ambiente acogedor y elegante<\/li>\n\n\n\n<li>Experiencia de belleza inigualable<\/li>\n<\/ul>\n\n\n\n<div class=\"wp-block-buttons is-layout-flex wp-block-buttons-is-layout-flex\" style=\"margin-top:var(--wp--preset--spacing--40)\">\n<div class=\"wp-block-button\"><a class=\"wp-block-button__link wp-element-button\" href=\/contacto>Agendar visita<\/a><\/div>\n<\/div>\n<\/div><\/div>\n<\/div><figure class=\"wp-block-media-text__media\" style=\"background-image:url(https:\/\/zuriestetica.es\/wp-content\/uploads\/2024\/11\/5cc79b2b6912f9f1a8fbe19f290fd2162559b821.jpg);background-position:50% 50%\"><img decoding=\"async\" width=\"1280\" height=\"855\" class=\"wp-image-48 size-full\" src=\"https:\/\/zuriestetica.es\/wp-content\/uploads\/2024\/11\/5cc79b2b6912f9f1a8fbe19f290fd2162559b821.jpg\" alt=\"\" srcset=\"https:\/\/zuriestetica.es\/wp-content\/uploads\/2024\/11\/5cc79b2b6912f9f1a8fbe19f290fd2162559b821.jpg 1280w, https:\/\/zuriestetica.es\/wp-content\/uploads\/2024\/11\/5cc79b2b6912f9f1a8fbe19f290fd2162559b821-300x200.jpg 300w, https:\/\/zuriestetica.es\/wp-content\/uploads\/2024\/11\/5cc79b2b6912f9f1a8fbe19f290fd2162559b821-1024x684.jpg 1024w, https:\/\/zuriestetica.es\/wp-content\/uploads\/2024\/11\/5cc79b2b6912f9f1a8fbe19f290fd2162559b821-768x513.jpg 768w\" sizes=\"(max-width: 1280px) 100vw, 1280px\" \/><\/figure><\/div>\n<\/div><\/div>\n","protected":false},"excerpt":{"rendered":"<p>Precios de tratamientos de u\u00f1as En Centro de Est\u00e9tica Zuri\u00f1e,&hellip;<\/p>\n<p> <a class=\"more-link\" href=\"https:\/\/zuriestetica.es\/en\/precios\/\">Read more<\/a><\/p>\n","protected":false},"author":1,"featured_media":0,"parent":0,"menu_order":0,"comment_status":"closed","ping_status":"closed","template":"no-title","meta":{"footnotes":""},"class_list":["post-15","page","type-page","status-publish"],"_links":{"self":[{"href":"https:\/\/zuriestetica.es\/en\/wp-json\/wp\/v2\/pages\/15","targetHints":{"allow":["GET"]}}],"collection":[{"href":"https:\/\/zuriestetica.es\/en\/wp-json\/wp\/v2\/pages"}],"about":[{"href":"https:\/\/zuriestetica.es\/en\/wp-json\/wp\/v2\/types\/page"}],"author":[{"embeddable":true,"href":"https:\/\/zuriestetica.es\/en\/wp-json\/wp\/v2\/users\/1"}],"replies":[{"embeddable":true,"href":"https:\/\/zuriestetica.es\/en\/wp-json\/wp\/v2\/comments?post=15"}],"version-history":[{"count":2,"href":"https:\/\/zuriestetica.es\/en\/wp-json\/wp\/v2\/pages\/15\/revisions"}],"predecessor-version":[{"id":49,"href":"https:\/\/zuriestetica.es\/en\/wp-json\/wp\/v2\/pages\/15\/revisions\/49"}],"wp:attachment":[{"href":"https:\/\/zuriestetica.es\/en\/wp-json\/wp\/v2\/media?parent=15"}],"curies":[{"name":"wp","href":"https:\/\/api.w.org\/{rel}","templated":true}]}}