{"id":14,"date":"2024-11-11T06:35:23","date_gmt":"2024-11-11T06:35:23","guid":{"rendered":"https:\/\/zuriestetica.es\/galeria\/"},"modified":"2024-11-11T06:35:59","modified_gmt":"2024-11-11T06:35:59","slug":"galeria","status":"publish","type":"page","link":"https:\/\/zuriestetica.es\/en\/galeria\/","title":{"rendered":"Galer\u00eda"},"content":{"rendered":"\n<div class=\"wp-block-group alignfull has-background-background-color has-background\" style=\"margin-top:0;margin-bottom:0;padding-top:0;padding-right:0;padding-bottom:0;padding-left:0\"><div class=\"wp-block-group__inner-container is-layout-constrained wp-container-core-group-is-layout-a2fe4d32 wp-block-group-is-layout-constrained\">\n<div class=\"wp-block-cover alignfull\" style=\"padding-top:0;padding-right:var(--wp--preset--spacing--30);padding-bottom:0;padding-left:var(--wp--preset--spacing--30);min-height:50px;aspect-ratio:unset;\"><span aria-hidden=\"true\" class=\"wp-block-cover__background has-black-background-color has-background-dim-60 has-background-dim\"><\/span><img fetchpriority=\"high\" decoding=\"async\" width=\"1280\" height=\"1920\" class=\"wp-block-cover__image-background wp-image-25\" alt=\"\" src=\"https:\/\/zuriestetica.es\/wp-content\/uploads\/2024\/11\/55ccbd45fb2333cd9db064d1113e2476aad268d1.jpg\" data-object-fit=\"cover\" srcset=\"https:\/\/zuriestetica.es\/wp-content\/uploads\/2024\/11\/55ccbd45fb2333cd9db064d1113e2476aad268d1.jpg 1280w, https:\/\/zuriestetica.es\/wp-content\/uploads\/2024\/11\/55ccbd45fb2333cd9db064d1113e2476aad268d1-200x300.jpg 200w, https:\/\/zuriestetica.es\/wp-content\/uploads\/2024\/11\/55ccbd45fb2333cd9db064d1113e2476aad268d1-683x1024.jpg 683w, https:\/\/zuriestetica.es\/wp-content\/uploads\/2024\/11\/55ccbd45fb2333cd9db064d1113e2476aad268d1-768x1152.jpg 768w, https:\/\/zuriestetica.es\/wp-content\/uploads\/2024\/11\/55ccbd45fb2333cd9db064d1113e2476aad268d1-1024x1536.jpg 1024w\" sizes=\"(max-width: 1280px) 100vw, 1280px\" \/><div class=\"wp-block-cover__inner-container is-layout-flow wp-block-cover-is-layout-flow\">\n<div class=\"wp-block-group\" style=\"padding-top:var(--wp--preset--spacing--60);padding-bottom:var(--wp--preset--spacing--60)\"><div class=\"wp-block-group__inner-container is-layout-constrained wp-block-group-is-layout-constrained\">\n<div class=\"wp-block-columns alignwide are-vertically-aligned-center is-layout-flex wp-container-core-columns-is-layout-cf4855f5 wp-block-columns-is-layout-flex\">\n<div class=\"wp-block-column is-vertically-aligned-center is-layout-flow wp-block-column-is-layout-flow\">\n<h1 class=\"wp-block-heading has-text-color has-x-large-font-size\" style=\"color:#fffffffc\">Explora nuestra creatividad<\/h1>\n<\/div>\n\n\n\n<div class=\"wp-block-column is-vertically-aligned-center is-layout-flow wp-block-column-is-layout-flow\">\n<p class=\"has-text-color\" style=\"color:#fffffffc\">Conoce nuestras exclusivas creaciones para tu pr\u00f3xima visita<\/p>\n<\/div>\n<\/div>\n<\/div><\/div>\n<\/div><\/div>\n<\/div><\/div>\n\n<div class=\"wp-block-group alignfull has-tertiary-background-color has-background\" id=\"galeria\" style=\"padding-top:var(--wp--preset--spacing--60);padding-right:var(--wp--preset--spacing--30);padding-bottom:var(--wp--preset--spacing--60);padding-left:var(--wp--preset--spacing--30)\"><div class=\"wp-block-group__inner-container is-layout-constrained wp-container-core-group-is-layout-14affbe8 wp-block-group-is-layout-constrained\">\n<div class=\"wp-block-group alignwide is-content-justification-left\"><div class=\"wp-block-group__inner-container is-layout-constrained wp-container-core-group-is-layout-eded1d97 wp-block-group-is-layout-constrained\">\n<h2 class=\"wp-block-heading has-large-font-size\">Nuestros Estilos de Manicura<\/h2>\n\n\n\n<p style=\"margin-top:16px\">Descubre nuestra selecci\u00f3n de u\u00f1as<\/p>\n<\/div><\/div>\n\n\n\n<figure class=\"wp-block-gallery alignwide has-nested-images columns-default is-cropped wp-block-gallery-1 is-layout-flex wp-block-gallery-is-layout-flex\">\n<figure data-wp-context=\"{&quot;imageId&quot;:&quot;69f53fdc0d7ae&quot;}\" data-wp-interactive=\"core\/image\" class=\"wp-block-image size-large wp-lightbox-container\"><img decoding=\"async\" width=\"1280\" height=\"853\" data-wp-class--hide=\"state.isContentHidden\" data-wp-class--show=\"state.isContentVisible\" data-wp-init=\"callbacks.setButtonStyles\" data-wp-on-async--click=\"actions.showLightbox\" data-wp-on-async--load=\"callbacks.setButtonStyles\" data-wp-on-async-window--resize=\"callbacks.setButtonStyles\" data-id=\"42\" class=\"wp-image-42\" src=\"https:\/\/zuriestetica.es\/wp-content\/uploads\/2024\/11\/b78e5bfbd613aac7a5ec60ad55b19628a9dc4e58.jpg\" alt=\"\" srcset=\"https:\/\/zuriestetica.es\/wp-content\/uploads\/2024\/11\/b78e5bfbd613aac7a5ec60ad55b19628a9dc4e58.jpg 1280w, https:\/\/zuriestetica.es\/wp-content\/uploads\/2024\/11\/b78e5bfbd613aac7a5ec60ad55b19628a9dc4e58-300x200.jpg 300w, https:\/\/zuriestetica.es\/wp-content\/uploads\/2024\/11\/b78e5bfbd613aac7a5ec60ad55b19628a9dc4e58-1024x682.jpg 1024w, https:\/\/zuriestetica.es\/wp-content\/uploads\/2024\/11\/b78e5bfbd613aac7a5ec60ad55b19628a9dc4e58-768x512.jpg 768w\" sizes=\"(max-width: 1280px) 100vw, 1280px\" \/><button\n\t\t\tclass=\"lightbox-trigger\"\n\t\t\ttype=\"button\"\n\t\t\taria-haspopup=\"dialog\"\n\t\t\taria-label=\"Enlarge\"\n\t\t\tdata-wp-init=\"callbacks.initTriggerButton\"\n\t\t\tdata-wp-on-async--click=\"actions.showLightbox\"\n\t\t\tdata-wp-style--right=\"state.imageButtonRight\"\n\t\t\tdata-wp-style--top=\"state.imageButtonTop\"\n\t\t>\n\t\t\t<svg xmlns=\"http:\/\/www.w3.org\/2000\/svg\" width=\"12\" height=\"12\" fill=\"none\" viewBox=\"0 0 12 12\">\n\t\t\t\t<path fill=\"#fff\" d=\"M2 0a2 2 0 0 0-2 2v2h1.5V2a.5.5 0 0 1 .5-.5h2V0H2Zm2 10.5H2a.5.5 0 0 1-.5-.5V8H0v2a2 2 0 0 0 2 2h2v-1.5ZM8 12v-1.5h2a.5.5 0 0 0 .5-.5V8H12v2a2 2 0 0 1-2 2H8Zm2-12a2 2 0 0 1 2 2v2h-1.5V2a.5.5 0 0 0-.5-.5H8V0h2Z\" \/>\n\t\t\t<\/svg>\n\t\t<\/button><\/figure>\n\n\n\n<figure data-wp-context=\"{&quot;imageId&quot;:&quot;69f53fdc0dcb2&quot;}\" data-wp-interactive=\"core\/image\" class=\"wp-block-image size-large wp-lightbox-container\"><img decoding=\"async\" width=\"1280\" height=\"1707\" data-wp-class--hide=\"state.isContentHidden\" data-wp-class--show=\"state.isContentVisible\" data-wp-init=\"callbacks.setButtonStyles\" data-wp-on-async--click=\"actions.showLightbox\" data-wp-on-async--load=\"callbacks.setButtonStyles\" data-wp-on-async-window--resize=\"callbacks.setButtonStyles\" data-id=\"43\" class=\"wp-image-43\" src=\"https:\/\/zuriestetica.es\/wp-content\/uploads\/2024\/11\/04430827db13f446b30dbd19d52bee40b15b2c7d.jpg\" alt=\"\" srcset=\"https:\/\/zuriestetica.es\/wp-content\/uploads\/2024\/11\/04430827db13f446b30dbd19d52bee40b15b2c7d.jpg 1280w, https:\/\/zuriestetica.es\/wp-content\/uploads\/2024\/11\/04430827db13f446b30dbd19d52bee40b15b2c7d-225x300.jpg 225w, https:\/\/zuriestetica.es\/wp-content\/uploads\/2024\/11\/04430827db13f446b30dbd19d52bee40b15b2c7d-768x1024.jpg 768w, https:\/\/zuriestetica.es\/wp-content\/uploads\/2024\/11\/04430827db13f446b30dbd19d52bee40b15b2c7d-1152x1536.jpg 1152w\" sizes=\"(max-width: 1280px) 100vw, 1280px\" \/><button\n\t\t\tclass=\"lightbox-trigger\"\n\t\t\ttype=\"button\"\n\t\t\taria-haspopup=\"dialog\"\n\t\t\taria-label=\"Enlarge\"\n\t\t\tdata-wp-init=\"callbacks.initTriggerButton\"\n\t\t\tdata-wp-on-async--click=\"actions.showLightbox\"\n\t\t\tdata-wp-style--right=\"state.imageButtonRight\"\n\t\t\tdata-wp-style--top=\"state.imageButtonTop\"\n\t\t>\n\t\t\t<svg xmlns=\"http:\/\/www.w3.org\/2000\/svg\" width=\"12\" height=\"12\" fill=\"none\" viewBox=\"0 0 12 12\">\n\t\t\t\t<path fill=\"#fff\" d=\"M2 0a2 2 0 0 0-2 2v2h1.5V2a.5.5 0 0 1 .5-.5h2V0H2Zm2 10.5H2a.5.5 0 0 1-.5-.5V8H0v2a2 2 0 0 0 2 2h2v-1.5ZM8 12v-1.5h2a.5.5 0 0 0 .5-.5V8H12v2a2 2 0 0 1-2 2H8Zm2-12a2 2 0 0 1 2 2v2h-1.5V2a.5.5 0 0 0-.5-.5H8V0h2Z\" \/>\n\t\t\t<\/svg>\n\t\t<\/button><\/figure>\n\n\n\n<figure data-wp-context=\"{&quot;imageId&quot;:&quot;69f53fdc0e0d8&quot;}\" data-wp-interactive=\"core\/image\" class=\"wp-block-image size-large wp-lightbox-container\"><img loading=\"lazy\" decoding=\"async\" width=\"1280\" height=\"1824\" data-wp-class--hide=\"state.isContentHidden\" data-wp-class--show=\"state.isContentVisible\" data-wp-init=\"callbacks.setButtonStyles\" data-wp-on-async--click=\"actions.showLightbox\" data-wp-on-async--load=\"callbacks.setButtonStyles\" data-wp-on-async-window--resize=\"callbacks.setButtonStyles\" data-id=\"44\" class=\"wp-image-44\" src=\"https:\/\/zuriestetica.es\/wp-content\/uploads\/2024\/11\/33fd422047b8b696fcf61300d0686465f7581874.jpg\" alt=\"\" srcset=\"https:\/\/zuriestetica.es\/wp-content\/uploads\/2024\/11\/33fd422047b8b696fcf61300d0686465f7581874.jpg 1280w, https:\/\/zuriestetica.es\/wp-content\/uploads\/2024\/11\/33fd422047b8b696fcf61300d0686465f7581874-211x300.jpg 211w, https:\/\/zuriestetica.es\/wp-content\/uploads\/2024\/11\/33fd422047b8b696fcf61300d0686465f7581874-719x1024.jpg 719w, https:\/\/zuriestetica.es\/wp-content\/uploads\/2024\/11\/33fd422047b8b696fcf61300d0686465f7581874-768x1094.jpg 768w, https:\/\/zuriestetica.es\/wp-content\/uploads\/2024\/11\/33fd422047b8b696fcf61300d0686465f7581874-1078x1536.jpg 1078w\" sizes=\"(max-width: 1280px) 100vw, 1280px\" \/><button\n\t\t\tclass=\"lightbox-trigger\"\n\t\t\ttype=\"button\"\n\t\t\taria-haspopup=\"dialog\"\n\t\t\taria-label=\"Enlarge\"\n\t\t\tdata-wp-init=\"callbacks.initTriggerButton\"\n\t\t\tdata-wp-on-async--click=\"actions.showLightbox\"\n\t\t\tdata-wp-style--right=\"state.imageButtonRight\"\n\t\t\tdata-wp-style--top=\"state.imageButtonTop\"\n\t\t>\n\t\t\t<svg xmlns=\"http:\/\/www.w3.org\/2000\/svg\" width=\"12\" height=\"12\" fill=\"none\" viewBox=\"0 0 12 12\">\n\t\t\t\t<path fill=\"#fff\" d=\"M2 0a2 2 0 0 0-2 2v2h1.5V2a.5.5 0 0 1 .5-.5h2V0H2Zm2 10.5H2a.5.5 0 0 1-.5-.5V8H0v2a2 2 0 0 0 2 2h2v-1.5ZM8 12v-1.5h2a.5.5 0 0 0 .5-.5V8H12v2a2 2 0 0 1-2 2H8Zm2-12a2 2 0 0 1 2 2v2h-1.5V2a.5.5 0 0 0-.5-.5H8V0h2Z\" \/>\n\t\t\t<\/svg>\n\t\t<\/button><\/figure>\n<\/figure>\n<\/div><\/div>\n\n<div class=\"wp-block-group alignfull has-background-background-color has-background\" id=\"testimonios\" style=\"margin-top:0;margin-bottom:0;padding-top:var(--wp--preset--spacing--60);padding-right:var(--wp--preset--spacing--30);padding-bottom:var(--wp--preset--spacing--60);padding-left:var(--wp--preset--spacing--30)\"><div class=\"wp-block-group__inner-container is-layout-constrained wp-container-core-group-is-layout-512a02c9 wp-block-group-is-layout-constrained\">\n<p class=\"has-text-align-center has-large-font-size\" style=\"font-style:normal;font-weight:500;line-height:1.3\">\u00a1Mis u\u00f1as nunca han estado tan impecables! \u00a1Gracias Zuri\u00f1e Est\u00e9tica!<\/p>\n\n\n<div class=\"wp-block-image is-style-rounded\">\n<figure class=\"aligncenter\"><img loading=\"lazy\" decoding=\"async\" width=\"96\" height=\"96\" class=\"wp-image-45\" src=\"https:\/\/zuriestetica.es\/wp-content\/uploads\/2024\/11\/2bb8210afcadfa6aadb0dc8f968705ea020a7ef1.jpg\" alt=\"\" style=\"aspect-ratio:1;object-fit:cover\"\/><\/figure><\/div>\n\n\n<h4 class=\"wp-block-heading has-text-align-center\" style=\"margin-top:18px;font-size:18px\">Zuri\u00f1e Est\u00e9tica<\/h4>\n\n\n\n<p class=\"has-text-align-center has-small-font-size\" style=\"margin-top:4px\">Experto en est\u00e9tica<\/p>\n<\/div><\/div>\n\n<div class=\"wp-block-group alignfull has-tertiary-background-color has-background\" style=\"margin-top:0;margin-bottom:0;padding-top:var(--wp--preset--spacing--60);padding-right:var(--wp--preset--spacing--30);padding-bottom:var(--wp--preset--spacing--60);padding-left:var(--wp--preset--spacing--30)\"><div class=\"wp-block-group__inner-container is-layout-constrained wp-container-core-group-is-layout-392eb801 wp-block-group-is-layout-constrained\">\n<div class=\"wp-block-group alignwide is-content-justification-space-between is-layout-flex wp-container-core-group-is-layout-e3bc7287 wp-block-group-is-layout-flex\">\n<div class=\"wp-block-group\"><div class=\"wp-block-group__inner-container is-layout-constrained wp-block-group-is-layout-constrained\">\n<h2 class=\"wp-block-heading has-large-font-size\">Manicura y arte \u00fanico en el coraz\u00f3n de La Rioja<\/h2>\n\n\n\n<p style=\"margin-top:16px\">En Zuri\u00f1e Est\u00e9tica, ofrecemos servicios de primer nivel para el cuidado de tus u\u00f1as. Desde manicuras elegantes hasta dise\u00f1os exclusivos, nuestro equipo de expertos te garantizar\u00e1 una experiencia inigualable. Vis\u00edtanos en Fuenmayor, La Rioja, y perm\u00edtenos resaltar tu belleza. \u00a1Reserva tu cita!<\/p>\n<\/div><\/div>\n\n\n\n<div class=\"wp-block-buttons is-horizontal is-content-justification-right is-layout-flex wp-container-core-buttons-is-layout-89858871 wp-block-buttons-is-layout-flex\">\n<div class=\"wp-block-button\"><a class=\"wp-block-button__link wp-element-button\" href=\/contacto>Agendar cita<\/a><\/div>\n<\/div>\n<\/div>\n<\/div><\/div>\n","protected":false},"excerpt":{"rendered":"<p>Nuestros Estilos de Manicura Descubre nuestra selecci\u00f3n de u\u00f1as \u00a1Mis&hellip;<\/p>\n<p> <a class=\"more-link\" href=\"https:\/\/zuriestetica.es\/en\/galeria\/\">Read more<\/a><\/p>\n","protected":false},"author":1,"featured_media":0,"parent":0,"menu_order":0,"comment_status":"closed","ping_status":"closed","template":"no-title","meta":{"footnotes":""},"class_list":["post-14","page","type-page","status-publish"],"_links":{"self":[{"href":"https:\/\/zuriestetica.es\/en\/wp-json\/wp\/v2\/pages\/14","targetHints":{"allow":["GET"]}}],"collection":[{"href":"https:\/\/zuriestetica.es\/en\/wp-json\/wp\/v2\/pages"}],"about":[{"href":"https:\/\/zuriestetica.es\/en\/wp-json\/wp\/v2\/types\/page"}],"author":[{"embeddable":true,"href":"https:\/\/zuriestetica.es\/en\/wp-json\/wp\/v2\/users\/1"}],"replies":[{"embeddable":true,"href":"https:\/\/zuriestetica.es\/en\/wp-json\/wp\/v2\/comments?post=14"}],"version-history":[{"count":2,"href":"https:\/\/zuriestetica.es\/en\/wp-json\/wp\/v2\/pages\/14\/revisions"}],"predecessor-version":[{"id":46,"href":"https:\/\/zuriestetica.es\/en\/wp-json\/wp\/v2\/pages\/14\/revisions\/46"}],"wp:attachment":[{"href":"https:\/\/zuriestetica.es\/en\/wp-json\/wp\/v2\/media?parent=14"}],"curies":[{"name":"wp","href":"https:\/\/api.w.org\/{rel}","templated":true}]}}