{"id":13,"date":"2024-11-11T06:35:23","date_gmt":"2024-11-11T06:35:23","guid":{"rendered":"https:\/\/zuriestetica.es\/contacto\/"},"modified":"2024-11-11T06:35:58","modified_gmt":"2024-11-11T06:35:58","slug":"contacto","status":"publish","type":"page","link":"https:\/\/zuriestetica.es\/en\/contacto\/","title":{"rendered":"Contacto"},"content":{"rendered":"\n<div class=\"wp-block-group alignfull has-background-background-color has-background\" style=\"margin-top:0;margin-bottom:0;padding-top:0;padding-right:0;padding-bottom:0;padding-left:0\"><div class=\"wp-block-group__inner-container is-layout-constrained wp-container-core-group-is-layout-a2fe4d32 wp-block-group-is-layout-constrained\">\n<div class=\"wp-block-cover alignfull\" style=\"padding-top:0;padding-right:var(--wp--preset--spacing--30);padding-bottom:0;padding-left:var(--wp--preset--spacing--30);min-height:50px;aspect-ratio:unset;\"><span aria-hidden=\"true\" class=\"wp-block-cover__background has-black-background-color has-background-dim-60 has-background-dim\"><\/span><img fetchpriority=\"high\" decoding=\"async\" width=\"1280\" height=\"1920\" class=\"wp-block-cover__image-background wp-image-25\" alt=\"\" src=\"https:\/\/zuriestetica.es\/wp-content\/uploads\/2024\/11\/55ccbd45fb2333cd9db064d1113e2476aad268d1.jpg\" data-object-fit=\"cover\" srcset=\"https:\/\/zuriestetica.es\/wp-content\/uploads\/2024\/11\/55ccbd45fb2333cd9db064d1113e2476aad268d1.jpg 1280w, https:\/\/zuriestetica.es\/wp-content\/uploads\/2024\/11\/55ccbd45fb2333cd9db064d1113e2476aad268d1-200x300.jpg 200w, https:\/\/zuriestetica.es\/wp-content\/uploads\/2024\/11\/55ccbd45fb2333cd9db064d1113e2476aad268d1-683x1024.jpg 683w, https:\/\/zuriestetica.es\/wp-content\/uploads\/2024\/11\/55ccbd45fb2333cd9db064d1113e2476aad268d1-768x1152.jpg 768w, https:\/\/zuriestetica.es\/wp-content\/uploads\/2024\/11\/55ccbd45fb2333cd9db064d1113e2476aad268d1-1024x1536.jpg 1024w\" sizes=\"(max-width: 1280px) 100vw, 1280px\" \/><div class=\"wp-block-cover__inner-container is-layout-flow wp-block-cover-is-layout-flow\">\n<div class=\"wp-block-group\" style=\"padding-top:var(--wp--preset--spacing--60);padding-bottom:var(--wp--preset--spacing--60)\"><div class=\"wp-block-group__inner-container is-layout-constrained wp-block-group-is-layout-constrained\">\n<div class=\"wp-block-columns alignwide are-vertically-aligned-center is-layout-flex wp-container-core-columns-is-layout-cf4855f5 wp-block-columns-is-layout-flex\">\n<div class=\"wp-block-column is-vertically-aligned-center is-layout-flow wp-block-column-is-layout-flow\">\n<h1 class=\"wp-block-heading has-text-color has-x-large-font-size\" style=\"color:#fffffffc\">\u00a1Cont\u00e1ctanos hoy mismo!<\/h1>\n<\/div>\n\n\n\n<div class=\"wp-block-column is-vertically-aligned-center is-layout-flow wp-block-column-is-layout-flow\">\n<p class=\"has-text-color\" style=\"color:#fffffffc\">Experimenta el arte de la manicura en Fuenmayor<\/p>\n<\/div>\n<\/div>\n<\/div><\/div>\n<\/div><\/div>\n<\/div><\/div>\n\n<div class=\"wp-block-group alignfull has-tertiary-background-color has-background\" id=\"contacto\" style=\"margin-top:0;margin-bottom:0;padding-top:var(--wp--preset--spacing--60);padding-bottom:var(--wp--preset--spacing--60)\"><div class=\"wp-block-group__inner-container is-layout-constrained wp-block-group-is-layout-constrained\">\n<div class=\"wp-block-columns alignwide is-layout-flex wp-container-core-columns-is-layout-bd0aba32 wp-block-columns-is-layout-flex\">\n<div class=\"wp-block-column is-layout-flow wp-block-column-is-layout-flow\">\n<h2 class=\"wp-block-heading has-large-font-size\">Ll\u00e1manos hoy<\/h2>\n\n\n\n<p style=\"margin-top:16px\">Para consultas o reservas, cont\u00e1ctanos. Estamos listos para ofrecerte un servicio de calidad.<\/p>\n<\/div>\n\n\n\n<div class=\"wp-block-column is-layout-flow wp-block-column-is-layout-flow\">\n<div class=\"wp-block-contact-form-7-contact-form-selector\">\n<div class=\"wpcf7 no-js\" id=\"wpcf7-f11-o1\" lang=\"es-ES\" dir=\"ltr\" data-wpcf7-id=\"11\">\n<div class=\"screen-reader-response\"><p role=\"status\" aria-live=\"polite\" aria-atomic=\"true\"><\/p> <ul><\/ul><\/div>\n<form action=\"\/en\/wp-json\/wp\/v2\/pages\/13#wpcf7-f11-o1\" method=\"post\" class=\"wpcf7-form init\" aria-label=\"Formulario de contacto\" novalidate=\"novalidate\" data-status=\"init\">\n<fieldset class=\"hidden-fields-container\"><input type=\"hidden\" name=\"_wpcf7\" value=\"11\" \/><input type=\"hidden\" name=\"_wpcf7_version\" value=\"6.1.5\" \/><input type=\"hidden\" name=\"_wpcf7_locale\" value=\"es_ES\" \/><input type=\"hidden\" name=\"_wpcf7_unit_tag\" value=\"wpcf7-f11-o1\" \/><input type=\"hidden\" name=\"_wpcf7_container_post\" value=\"0\" \/><input type=\"hidden\" name=\"_wpcf7_posted_data_hash\" value=\"\" \/><input type=\"hidden\" name=\"lang\" value=\"en\" \/>\n<\/fieldset>\n<p><label> Tu nombre<br \/>\n<span class=\"wpcf7-form-control-wrap\" data-name=\"your-name\"><input size=\"40\" maxlength=\"400\" class=\"wpcf7-form-control wpcf7-text wpcf7-validates-as-required\" autocomplete=\"name\" aria-required=\"true\" aria-invalid=\"false\" value=\"\" type=\"text\" name=\"your-name\" \/><\/span> <\/label>\n<\/p>\n<p><label> Tu correo electr\u00f3nico<br \/>\n<span class=\"wpcf7-form-control-wrap\" data-name=\"your-email\"><input size=\"40\" maxlength=\"400\" class=\"wpcf7-form-control wpcf7-email wpcf7-validates-as-required wpcf7-text wpcf7-validates-as-email\" autocomplete=\"email\" aria-required=\"true\" aria-invalid=\"false\" value=\"\" type=\"email\" name=\"your-email\" \/><\/span> <\/label>\n<\/p>\n<p><label> Asunto<br \/>\n<span class=\"wpcf7-form-control-wrap\" data-name=\"your-subject\"><input size=\"40\" maxlength=\"400\" class=\"wpcf7-form-control wpcf7-text wpcf7-validates-as-required\" aria-required=\"true\" aria-invalid=\"false\" value=\"\" type=\"text\" name=\"your-subject\" \/><\/span> <\/label>\n<\/p>\n<p><label> Tu mensaje (opcional)<br \/>\n<span class=\"wpcf7-form-control-wrap\" data-name=\"your-message\"><textarea cols=\"40\" rows=\"10\" maxlength=\"2000\" class=\"wpcf7-form-control wpcf7-textarea\" aria-invalid=\"false\" name=\"your-message\"><\/textarea><\/span> <\/label>\n<\/p>\n<p><input class=\"wpcf7-form-control wpcf7-submit has-spinner\" type=\"submit\" value=\"Enviar\" \/>\n<\/p><div class=\"wpcf7-response-output\" aria-hidden=\"true\"><\/div>\n<\/form>\n<\/div>\n<\/div>\n<\/div>\n<\/div>\n<\/div><\/div>\n\n<div class=\"wp-block-group alignfull has-background-background-color has-background\" id=\"area-de-servicio\" style=\"margin-top:0;margin-bottom:0;padding-top:var(--wp--preset--spacing--60);padding-right:var(--wp--preset--spacing--30);padding-bottom:var(--wp--preset--spacing--60);padding-left:var(--wp--preset--spacing--30)\"><div class=\"wp-block-group__inner-container is-layout-constrained wp-container-core-group-is-layout-392eb801 wp-block-group-is-layout-constrained\">\n<div class=\"wp-block-group alignwide is-content-justification-left\"><div class=\"wp-block-group__inner-container is-layout-constrained wp-container-core-group-is-layout-eded1d97 wp-block-group-is-layout-constrained\">\n<h2 class=\"wp-block-heading has-text-align-left has-large-font-size\">Servicios de Belleza Integral<\/h2>\n\n\n\n<p class=\"has-text-align-left\" style=\"margin-top:16px\">Centro de est\u00e9tica de alta calidad en Fuenmayor. Variedad de tratamientos excepcionales en ambiente elegante.<\/p>\n<\/div><\/div>\n\n\n\n<div class=\"wp-block-columns alignwide is-layout-flex wp-container-core-columns-is-layout-9d6595d7 wp-block-columns-is-layout-flex\">\n<div class=\"wp-block-column is-layout-flow wp-block-column-is-layout-flow\">\n<div class=\"wp-block-media-text is-stacked-on-mobile is-image-fill has-tertiary-background-color has-background\"><figure class=\"wp-block-media-text__media\" style=\"background-image:url(https:\/\/zuriestetica.es\/wp-content\/uploads\/2024\/11\/ea0ef338970ced02df1a314a8b0e08b39b342322.jpg);background-position:50% 50%\"><img decoding=\"async\" class=\"wp-image-37 size-full\" src=\"https:\/\/zuriestetica.es\/wp-content\/uploads\/2024\/11\/ea0ef338970ced02df1a314a8b0e08b39b342322.jpg\" alt=\"\"\/><\/figure><div class=\"wp-block-media-text__content\">\n<div class=\"wp-block-group\" style=\"padding-top:var(--wp--preset--spacing--40);padding-bottom:var(--wp--preset--spacing--40)\"><div class=\"wp-block-group__inner-container is-layout-constrained wp-block-group-is-layout-constrained\">\n<h3 class=\"wp-block-heading\" style=\"font-size:1.75rem;line-height:1.5\">Fuenmayor<\/h3>\n\n\n\n<p class=\"has-small-font-size\" style=\"margin-top:12px\">Ubicados en el coraz\u00f3n de Fuenmayor, ofrecemos el mejor cuidado est\u00e9tico.<\/p>\n<\/div><\/div>\n<\/div><\/div>\n\n\n\n<div class=\"wp-block-media-text is-stacked-on-mobile is-image-fill has-tertiary-background-color has-background\"><figure class=\"wp-block-media-text__media\" style=\"background-image:url(https:\/\/zuriestetica.es\/wp-content\/uploads\/2024\/11\/1568c7a80bb890685825b1ee61eb1825072479ab.jpg);background-position:50% 50%\"><img decoding=\"async\" class=\"wp-image-38 size-full\" src=\"https:\/\/zuriestetica.es\/wp-content\/uploads\/2024\/11\/1568c7a80bb890685825b1ee61eb1825072479ab.jpg\" alt=\"\"\/><\/figure><div class=\"wp-block-media-text__content\">\n<div class=\"wp-block-group\" style=\"padding-top:var(--wp--preset--spacing--40);padding-bottom:var(--wp--preset--spacing--40)\"><div class=\"wp-block-group__inner-container is-layout-constrained wp-block-group-is-layout-constrained\">\n<h3 class=\"wp-block-heading\" style=\"font-size:1.75rem;line-height:1.5\">Logro\u00f1o<\/h3>\n\n\n\n<p class=\"has-small-font-size\" style=\"margin-top:12px\">Atendemos a los residentes de Logro\u00f1o. \u00a1Vis\u00edtanos para servicios est\u00e9ticos de alta calidad!<\/p>\n<\/div><\/div>\n<\/div><\/div>\n<\/div>\n\n\n\n<div class=\"wp-block-column is-layout-flow wp-block-column-is-layout-flow\">\n<div class=\"wp-block-media-text is-stacked-on-mobile is-image-fill has-tertiary-background-color has-background\"><figure class=\"wp-block-media-text__media\" style=\"background-image:url(https:\/\/zuriestetica.es\/wp-content\/uploads\/2024\/11\/908ec204f247b8570af822553c81fa39e82e0cb9.jpg);background-position:50% 50%\"><img decoding=\"async\" class=\"wp-image-39 size-full\" src=\"https:\/\/zuriestetica.es\/wp-content\/uploads\/2024\/11\/908ec204f247b8570af822553c81fa39e82e0cb9.jpg\" alt=\"\"\/><\/figure><div class=\"wp-block-media-text__content\">\n<div class=\"wp-block-group\" style=\"padding-top:var(--wp--preset--spacing--40);padding-bottom:var(--wp--preset--spacing--40)\"><div class=\"wp-block-group__inner-container is-layout-constrained wp-block-group-is-layout-constrained\">\n<h3 class=\"wp-block-heading\" style=\"font-size:1.75rem;line-height:1.5\">Haro<\/h3>\n\n\n\n<p class=\"has-small-font-size\" style=\"margin-top:12px\">Belleza integral en Haro, tu centro de est\u00e9tica en La Rioja.<\/p>\n<\/div><\/div>\n<\/div><\/div>\n\n\n\n<div class=\"wp-block-media-text is-stacked-on-mobile is-image-fill has-tertiary-background-color has-background\"><figure class=\"wp-block-media-text__media\" style=\"background-image:url(https:\/\/zuriestetica.es\/wp-content\/uploads\/2024\/11\/67ff095a5c7b2c46cae58078fa344fee579a26d3.jpg);background-position:50% 50%\"><img decoding=\"async\" class=\"wp-image-40 size-full\" src=\"https:\/\/zuriestetica.es\/wp-content\/uploads\/2024\/11\/67ff095a5c7b2c46cae58078fa344fee579a26d3.jpg\" alt=\"\"\/><\/figure><div class=\"wp-block-media-text__content\">\n<div class=\"wp-block-group\" style=\"padding-top:var(--wp--preset--spacing--40);padding-bottom:var(--wp--preset--spacing--40)\"><div class=\"wp-block-group__inner-container is-layout-constrained wp-block-group-is-layout-constrained\">\n<h3 class=\"wp-block-heading\" style=\"font-size:1.75rem;line-height:1.5\">N\u00e1jera<\/h3>\n\n\n\n<p class=\"has-small-font-size\" style=\"margin-top:12px\">\u00a1Vis\u00edtanos en N\u00e1jera para un tratamiento est\u00e9tico de calidad!<\/p>\n<\/div><\/div>\n<\/div><\/div>\n<\/div>\n<\/div>\n<\/div><\/div>\n","protected":false},"excerpt":{"rendered":"<p>Ll\u00e1manos hoy Para consultas o reservas, cont\u00e1ctanos. Estamos listos para&hellip;<\/p>\n<p> <a class=\"more-link\" href=\"https:\/\/zuriestetica.es\/en\/contacto\/\">Read more<\/a><\/p>\n","protected":false},"author":1,"featured_media":0,"parent":0,"menu_order":0,"comment_status":"closed","ping_status":"closed","template":"no-title","meta":{"footnotes":""},"class_list":["post-13","page","type-page","status-publish"],"_links":{"self":[{"href":"https:\/\/zuriestetica.es\/en\/wp-json\/wp\/v2\/pages\/13","targetHints":{"allow":["GET"]}}],"collection":[{"href":"https:\/\/zuriestetica.es\/en\/wp-json\/wp\/v2\/pages"}],"about":[{"href":"https:\/\/zuriestetica.es\/en\/wp-json\/wp\/v2\/types\/page"}],"author":[{"embeddable":true,"href":"https:\/\/zuriestetica.es\/en\/wp-json\/wp\/v2\/users\/1"}],"replies":[{"embeddable":true,"href":"https:\/\/zuriestetica.es\/en\/wp-json\/wp\/v2\/comments?post=13"}],"version-history":[{"count":1,"href":"https:\/\/zuriestetica.es\/en\/wp-json\/wp\/v2\/pages\/13\/revisions"}],"predecessor-version":[{"id":41,"href":"https:\/\/zuriestetica.es\/en\/wp-json\/wp\/v2\/pages\/13\/revisions\/41"}],"wp:attachment":[{"href":"https:\/\/zuriestetica.es\/en\/wp-json\/wp\/v2\/media?parent=13"}],"curies":[{"name":"wp","href":"https:\/\/api.w.org\/{rel}","templated":true}]}}